{"id":29,"date":"2021-01-21T02:53:22","date_gmt":"2021-01-21T02:53:22","guid":{"rendered":"http:\/\/shekhina-israel.com\/services\/"},"modified":"2021-02-09T16:24:08","modified_gmt":"2021-02-09T16:24:08","slug":"cielos-abiertos","status":"publish","type":"page","link":"https:\/\/shekhina-israel.com\/es\/cielos-abiertos\/","title":{"rendered":"Cielos Abiertos"},"content":{"rendered":"<p>Cielos Abiertos<\/p>\n\n\n\n\n\n\n\n\nCentro De Ayuda Social\n\n<span style=\"font-size: 15px;\"><\/span><span style=\"font-size: 16px;\"><\/span><p><span style=\"font-size: 20px;\">&#8220;Cielos Abiertos&#8221; (&#8220;Shamaim Ptujim&#8221; en hebreo) es nuestro centro de ayuda social destinado a brindar apoyo a las familias necesitadas de nuestra ciudad Ascal\u00f3n tray\u00e9ndoles alivio y esperanza, entre los que se encuentran ancianos, viudas, madres solteras, familias j\u00f3venes y nuevos inmigrantes entre otros.<\/span><\/p><span style=\"font-size: 20px;\"><br><\/span><p><span style=\"font-size: 20px;\">Adem\u00e1s de la distribuci\u00f3n de alimentos, ropa y art\u00edculos para el hogar, entre otras cosas, nos mantenemos al pendiente de las personas ofreciendoles nuestro apoyo y consejer\u00eda ante las dificultades que pueden estar enfrentando.&nbsp;<\/span><\/p><span style=\"font-size: 20px;\"><br><\/span><p><span style=\"font-size: 20px;\">Tambi\u00e9n ofrecemos a la comunidad de inmigrantes servicios de asesoria y cursos de aprendizaje del idioma hebreo para que puedan insertarse en la sociedad y mejorar su calidad de vida.<\/span><br><\/p><p><span style=\"font-size: 20px;\"><br><\/span><\/p><p><span style=\"font-size: 20px;\">Sabemos que nuestro rol como iglesia no se basa solamente en reunirnos a adorar y aprender juntos sino que tambi\u00e9n fuimos llamados a ser luz en las tinieblas, como embajadores de jes\u00fas en la tierra est\u00e1m\u00f4s destinados a impactar la vida de las personas a nuestro alrededor.<\/span><\/p><br><br><br><br>\n\n\n\n\n\n\n\n\n\n<p>Reflejando El Amor Del Se\u00f1or Por Su Pueblo<\/p>\n\n<p style=\"text-align: center;font-size: 14px\">Tu apoyo es fundamental para que podamos continuar con nuesta labor social, crecer y alcanzar a m\u00e1s personas en&nbsp; israel con el amor del Se\u00f1or, escr\u00edbenos ahora para saber m\u00e1s acerca de c\u00f3mo puedes ser parte de este llamado y juntos impactar Israel.<\/p>\n\n\n\n\n\n\n\n\n\n\n\u00danete a nosotros!\n<p style=\"text-align: center; \"><font color=\"#f2f2f2\" style=\"font-size: 19px;\">Tu apoyo es fundamental para que nuestro ministerio pueda seguir adelante. Con tu aporte podremos alcanzar aun a m\u00e1s personas con el amor de Jes\u00fas.<\/font><\/p>","protected":false},"excerpt":{"rendered":"","protected":false},"author":1,"featured_media":0,"parent":0,"menu_order":0,"comment_status":"closed","ping_status":"closed","template":"","meta":{"pagelayer_contact_templates":[],"_pagelayer_content":"","footnotes":""},"class_list":["post-29","page","type-page","status-publish","hentry"],"_links":{"self":[{"href":"https:\/\/shekhina-israel.com\/es\/wp-json\/wp\/v2\/pages\/29","targetHints":{"allow":["GET"]}}],"collection":[{"href":"https:\/\/shekhina-israel.com\/es\/wp-json\/wp\/v2\/pages"}],"about":[{"href":"https:\/\/shekhina-israel.com\/es\/wp-json\/wp\/v2\/types\/page"}],"author":[{"embeddable":true,"href":"https:\/\/shekhina-israel.com\/es\/wp-json\/wp\/v2\/users\/1"}],"replies":[{"embeddable":true,"href":"https:\/\/shekhina-israel.com\/es\/wp-json\/wp\/v2\/comments?post=29"}],"version-history":[{"count":26,"href":"https:\/\/shekhina-israel.com\/es\/wp-json\/wp\/v2\/pages\/29\/revisions"}],"predecessor-version":[{"id":866,"href":"https:\/\/shekhina-israel.com\/es\/wp-json\/wp\/v2\/pages\/29\/revisions\/866"}],"wp:attachment":[{"href":"https:\/\/shekhina-israel.com\/es\/wp-json\/wp\/v2\/media?parent=29"}],"curies":[{"name":"wp","href":"https:\/\/api.w.org\/{rel}","templated":true}]}}