{"id":27,"date":"2021-01-21T02:53:22","date_gmt":"2021-01-21T02:53:22","guid":{"rendered":"http:\/\/shekhina-israel.com\/about\/"},"modified":"2025-04-24T05:48:51","modified_gmt":"2025-04-24T05:48:51","slug":"congregacion","status":"publish","type":"page","link":"https:\/\/shekhina-israel.com\/es\/congregacion\/","title":{"rendered":"Congregaci\u00f3n"},"content":{"rendered":"\n\n\n<p>Nuestra Comunidad<\/p>\n\n\n\n\n\n\n\n\n\n\n\n\n\n<p>Congregaci\u00f3n shekhinah<\/p>\n\n\n\nJud\u00edos creyentes en Jes\u00fas en el centro de Israel\n\n\n\n\n\n<p style=\"font-size: 14px\">Somos una vibrante comunidad de Jud\u00edos creyentes en Jes\u00fas (Yeshua) en la b\u00edblica ciudad de Ascal\u00f3n (Ashkelon en hebreo) que nos reunimos como iglesia para aprender juntos de su palabra y alabarlo en unidad.<\/p><p style=\"font-size: 14px\"><br><\/p><p style=\"font-size: 14px\">Creemos que es el tiempo prof\u00e9tico en el que el mensaje de salvaci\u00f3n de Yeshua est\u00e1 retornando al lugar desde donde parti\u00f3 hacia todo el mundo, la tierra de Israel, impactando la vida de su pueblo, el pueblo jud\u00edo.<\/p><p style=\"font-size: 14px\"><br><\/p><p style=\"font-size: 14px\">As\u00ed mismo como en la \u00e9poca en la que Jes\u00fas recorr\u00eda estas tierras, se est\u00e1 levantando una nueva generaci\u00f3n de seguidores del maestro y como parte de este mover prof\u00e9tico nuestro ministerio se encuentra enfocado en hacer disc\u00edpulos y reflejar el amor de Yeshua en nuestra ciudad.&nbsp;<\/p>\n\n\n\n\n\n\n\n<p>20 a\u00f1os de ministerio<\/p>\n\n\n\n\n\n<p [object NamedNodeMap]>En nuestros 20 a\u00f1os de ministerio en Israel hemos siempre promovido la unidad entre Israel y las naciones fomentando lazos de amor con los creyentes del mundo y enfatizando en la importancia de Israel como el &#8220;reloj&#8221; del mundo.<\/p>\n\n\n\n\n\n\n\n\n\nNuestro Prop\u00f3sito\n\n\n\n\n\n\n\n<p>Reconstruir la Iglesia en Israel, gui\u00e1ndo a las personas a que puedan tener un encuentro genu\u00edno con el Se\u00f1or y crezcan en sus vidas espirituales.<\/p>\n\n\n\n\n\n<p><span style=\"font-size: 14px\">Ser un reflejo del amor de Yeshua impactando las vidas de las personas y trayendoles alivio y esperanza en tiempos dif\u00edciles.<\/span><\/p>\n\n\n\n\n\n<p>Servir como nexo entre Israel y las naciones creando lazos de amor y apoyo m\u00fatuo, llevandolos a un entendimiento de la importancia de Israel como naci\u00f3n.<\/p>\n\n\n\n\n\n\n\n\n\n<span style=\"text-decoration-style: initial;\">\u00danete a nosotros!<\/span>\n\n\n\n<p [object NamedNodeMap]><font color=\"#f2f2f2\">Tu apoyo es fundamental para que nuestro ministerio pueda seguir adelante. Con tu aporte podremos alcanzar aun a m\u00e1s personas con el amor de Jes\u00fas.<\/font><\/p>\n\n\n\n\n\n\n\n\n","protected":false},"excerpt":{"rendered":"","protected":false},"author":1,"featured_media":0,"parent":0,"menu_order":0,"comment_status":"closed","ping_status":"closed","template":"","meta":{"pagelayer_contact_templates":[],"_pagelayer_content":"","footnotes":""},"class_list":["post-27","page","type-page","status-publish","hentry"],"_links":{"self":[{"href":"https:\/\/shekhina-israel.com\/es\/wp-json\/wp\/v2\/pages\/27","targetHints":{"allow":["GET"]}}],"collection":[{"href":"https:\/\/shekhina-israel.com\/es\/wp-json\/wp\/v2\/pages"}],"about":[{"href":"https:\/\/shekhina-israel.com\/es\/wp-json\/wp\/v2\/types\/page"}],"author":[{"embeddable":true,"href":"https:\/\/shekhina-israel.com\/es\/wp-json\/wp\/v2\/users\/1"}],"replies":[{"embeddable":true,"href":"https:\/\/shekhina-israel.com\/es\/wp-json\/wp\/v2\/comments?post=27"}],"version-history":[{"count":20,"href":"https:\/\/shekhina-israel.com\/es\/wp-json\/wp\/v2\/pages\/27\/revisions"}],"predecessor-version":[{"id":865,"href":"https:\/\/shekhina-israel.com\/es\/wp-json\/wp\/v2\/pages\/27\/revisions\/865"}],"wp:attachment":[{"href":"https:\/\/shekhina-israel.com\/es\/wp-json\/wp\/v2\/media?parent=27"}],"curies":[{"name":"wp","href":"https:\/\/api.w.org\/{rel}","templated":true}]}}