{"id":2,"date":"2021-01-21T02:53:03","date_gmt":"2021-01-21T02:53:03","guid":{"rendered":"http:\/\/shekhina-israel.com\/?page_id=2"},"modified":"2021-02-01T04:18:29","modified_gmt":"2021-02-01T04:18:29","slug":"ascalon","status":"publish","type":"page","link":"https:\/\/shekhina-israel.com\/es\/ascalon\/","title":{"rendered":"Ascalon"},"content":{"rendered":"<p>Ascal\u00f3n, la ciudad prometida<\/p>\n\n\n<span style=\"font-size: 18px;\"><\/span><p><span><\/span><\/p><span><span style=\"font-size: 18px;\"><\/span><\/span><span style=\"font-size: 18px;\">Ascal\u00f3n posee una facinante historia de m\u00e1s de 4000 a\u00f1os, estando bajo dominio egipcio&nbsp; &nbsp;pas\u00f3 a formar parte de las 5 ciudades conquistadas por los Filisteos, los grandes enemigos del pueblo de Israel.&nbsp;Fue ocupada por los asirios,&nbsp; los babilonios, los persas, los griegos, los romanos, los otomanos y los musulmanes, entre otros.<\/span><div><span><br><\/span><\/div><div><span style=\"font-size: 18px;\">Podemos leer en la Biblia que el profeta Zacar\u00ed\u00adas profetiz\u00f3 que Ascal\u00f3n ver\u00ed\u00ada la destrucci\u00f3n de Tiro y luego que Ascal\u00f3n misma ser\u00ed\u00ada destruida (Zec 9:5).&nbsp;&nbsp;<\/span><br><br><span style=\"font-size: 18px;\">Adem\u00e1s el profeta Sofon\u00ed\u00adas, escribiendo en los tristes d\u00ed\u00adas antes de la cautividad de Jud\u00e1&nbsp; y mirando hacia el futuro, vio la restauraci\u00f3n de Jud\u00e1 y a los jud\u00ed\u00ados ocupando las desoladas ruinas de Ascal\u00f3n.&nbsp;<\/span><br><br><span style=\"font-size: 18px;\">&#8220;Ser\u00e1 aquel lugar para el remanente de la casa de Jud\u00e1; all\u00ed apacentar\u00e1n; en las casas de Ascal\u00f3n dormir\u00e1n de noche; porque Jehov\u00e1 su Dios los visitar\u00e1, y levantar\u00e1 su cautiverio.&#8221; Sofon\u00edas 2:7<\/span><\/div>\n\n\n\n\n\n\n\n\n\n\n<p>La Ciudad Bajo Fuego Enemigo<\/p>\n\n<h1><span style=\"font-size: 14px;\"><span style=\"font-size: 16px; color: rgb(238, 236, 225);\"><span style=\"font-size: 16px; font-family: Arial, Helvetica, sans-serif;\"><\/span><\/span><\/span><\/h1><p><span style=\"font-size: 15px; color: rgb(255, 255, 255);\"><span style=\"font-size: 15px;\"><\/span>La ciudad de Ascal\u00f3n se encuentra a poco menos de 20 kilometros de la franja de Gaza, la cual se encuentra gobernada por la organizacion terrorista isl\u00e1mica Hamas, responsable de un asedio constante contra Israel, el lanzamiento de misiles hacia territorio israel\u00ed y la construcci\u00f3n de t\u00faneles a trav\u00e9s de la frontera con la intenci\u00f3n de infiltrarse en territorio israel\u00ed para cometer actos terroristas.<\/span><\/p><p><span style=\"font-size: 15px; color: rgb(255, 255, 255);\"><br><\/span><\/p><p><span style=\"font-size: 15px; color: rgb(255, 255, 255);\">Por la cercana distancia nuestra ciudad Ascal\u00f3n se encuentra en primera l\u00ednea de fuego y es v\u00edctima constante de misiles palestinos.<\/span><\/p><p><span style=\"font-size: 15px; color: rgb(255, 255, 255);\"><br><\/span><\/p><p><span style=\"font-size: 15px; color: rgb(255, 255, 255);\">Cada vez que los misiles palestinos que se dirigen hacia nuestra ciudad son detectados por los radares \u00e9stos hacen sonar las sirenas en toda la ciudad, avisando a los ciudadanos que cuentan con 60 segundos para resguardarse en los refugios antibombas antes que \u00e9stos impacten.&nbsp;<\/span><\/p><p><span style=\"font-size: 15px; color: rgb(255, 255, 255);\"><br><\/span><\/p><p><span style=\"font-size: 15px; color: rgb(255, 255, 255);\">Tambi\u00e9n se activa el sistema antimisil que env\u00eda un misil con la intenci\u00f3n de intentar interceptar al misil palestino en el aire, antes que llegue a la superficie aunque no siempre se logra.&nbsp;<\/span><\/p><p><span style=\"font-size: 15px; color: rgb(255, 255, 255);\"><br><\/span><\/p><p><span style=\"font-size: 15px; color: rgb(255, 255, 255);\">Esta atm\u00f3sfera de inseguridad causa un gran impacto en los habitantes de nuestra ciudad Ascal\u00f3n causando niveles altos de miedo, ansiedad y estr\u00e9s.<\/span><\/p><span style=\"font-size: 16px; color: rgb(255, 255, 255);\"><\/span><span style=\"font-size: 14px; color: rgb(238, 236, 225);\"><\/span><h1><span style=\"font-size: 14px;\"><span style=\"font-size: 16px; color: rgb(238, 236, 225);\"><span style=\"font-size: 16px; font-family: Arial, Helvetica, sans-serif;\"><\/span><\/span><\/span><\/h1><span style=\"font-size: 15px; color: rgb(255, 255, 255);\"><\/span><span style=\"color: rgb(255, 255, 255);\"><\/span>\n\n\n\n\n\n\n\n\n\n\u00danete a nosotros!\n<p style=\"text-align: center; \"><span style=\"background-color: transparent;\"><font color=\"#f2f2f2\">Tu apoyo es fundamental para que nuestro ministerio pueda seguir adelante. Con tu aporte podremos alcanzar aun a m\u00e1s personas con el amor de Jes\u00fas.<\/font><\/span><\/p>","protected":false},"excerpt":{"rendered":"","protected":false},"author":1,"featured_media":0,"parent":0,"menu_order":0,"comment_status":"closed","ping_status":"closed","template":"","meta":{"pagelayer_contact_templates":[],"_pagelayer_content":"","footnotes":""},"class_list":["post-2","page","type-page","status-publish","hentry"],"_links":{"self":[{"href":"https:\/\/shekhina-israel.com\/es\/wp-json\/wp\/v2\/pages\/2","targetHints":{"allow":["GET"]}}],"collection":[{"href":"https:\/\/shekhina-israel.com\/es\/wp-json\/wp\/v2\/pages"}],"about":[{"href":"https:\/\/shekhina-israel.com\/es\/wp-json\/wp\/v2\/types\/page"}],"author":[{"embeddable":true,"href":"https:\/\/shekhina-israel.com\/es\/wp-json\/wp\/v2\/users\/1"}],"replies":[{"embeddable":true,"href":"https:\/\/shekhina-israel.com\/es\/wp-json\/wp\/v2\/comments?post=2"}],"version-history":[{"count":43,"href":"https:\/\/shekhina-israel.com\/es\/wp-json\/wp\/v2\/pages\/2\/revisions"}],"predecessor-version":[{"id":873,"href":"https:\/\/shekhina-israel.com\/es\/wp-json\/wp\/v2\/pages\/2\/revisions\/873"}],"wp:attachment":[{"href":"https:\/\/shekhina-israel.com\/es\/wp-json\/wp\/v2\/media?parent=2"}],"curies":[{"name":"wp","href":"https:\/\/api.w.org\/{rel}","templated":true}]}}